{"id":100,"date":"2017-12-10T12:56:50","date_gmt":"2017-12-10T10:56:50","guid":{"rendered":"http:\/\/roedovrekanalen.dk\/?page_id=100"},"modified":"2019-06-23T13:25:43","modified_gmt":"2019-06-23T11:25:43","slug":"facebook","status":"publish","type":"page","link":"https:\/\/roedovrekanalen.dk\/index.php\/facebook\/","title":{"rendered":"Find os p\u00e5 Facebook"},"content":{"rendered":"<p><code>\u00a0<\/code><\/p>\n<div class=\"fb-page\" data-href=\"https:\/\/www.facebook.com\/R%C3%B8dovreKanalen-234065706631877\/ \" data-tabs=\"timeline\" data-small-header=\"false\" data-adapt-container-width=\"true\" data-hide-cover=\"false\" data-show-facepile=\"true\">\n<blockquote class=\"fb-xfbml-parse-ignore\" cite=\"https:\/\/www.facebook.com\/R%C3%B8dovreKanalen-234065706631877\/\"><p>Bliv opdateret hurtigt om hvad der sker p\u00e5 R\u00f8dovrekanalen<\/p>\n<p>F\u00f8lg os p\u00e5 Facebook\u00a0 via klik p\u00e5 den gr\u00f8nne tekst i n\u00e6ste linje :<\/p>\n<p><a href=\"https:\/\/www.facebook.com\/R%C3%B8dovreKanalen-234065706631877\/\">R\u00f8dovreKanalen<\/a><\/p><\/blockquote>\n<\/div>\n","protected":false},"excerpt":{"rendered":"<p>\u00a0 Bliv opdateret hurtigt om hvad der sker p\u00e5 R\u00f8dovrekanalen F\u00f8lg os p\u00e5 Facebook\u00a0 via klik p\u00e5 den gr\u00f8nne tekst i n\u00e6ste linje : R\u00f8dovreKanalen<\/p>\n","protected":false},"author":3,"featured_media":0,"parent":0,"menu_order":5,"comment_status":"closed","ping_status":"closed","template":"","meta":{"_piecal_is_event":false,"_piecal_start_date":"","_piecal_end_date":"","_piecal_is_allday":false,"_mc_calendar":[],"footnotes":""},"class_list":["post-100","page","type-page","status-publish","hentry"],"_links":{"self":[{"href":"https:\/\/roedovrekanalen.dk\/index.php\/wp-json\/wp\/v2\/pages\/100","targetHints":{"allow":["GET"]}}],"collection":[{"href":"https:\/\/roedovrekanalen.dk\/index.php\/wp-json\/wp\/v2\/pages"}],"about":[{"href":"https:\/\/roedovrekanalen.dk\/index.php\/wp-json\/wp\/v2\/types\/page"}],"author":[{"embeddable":true,"href":"https:\/\/roedovrekanalen.dk\/index.php\/wp-json\/wp\/v2\/users\/3"}],"replies":[{"embeddable":true,"href":"https:\/\/roedovrekanalen.dk\/index.php\/wp-json\/wp\/v2\/comments?post=100"}],"version-history":[{"count":7,"href":"https:\/\/roedovrekanalen.dk\/index.php\/wp-json\/wp\/v2\/pages\/100\/revisions"}],"predecessor-version":[{"id":125,"href":"https:\/\/roedovrekanalen.dk\/index.php\/wp-json\/wp\/v2\/pages\/100\/revisions\/125"}],"wp:attachment":[{"href":"https:\/\/roedovrekanalen.dk\/index.php\/wp-json\/wp\/v2\/media?parent=100"}],"curies":[{"name":"wp","href":"https:\/\/api.w.org\/{rel}","templated":true}]}}