{"id":120,"date":"2019-06-23T12:36:14","date_gmt":"2019-06-23T10:36:14","guid":{"rendered":"http:\/\/roedovrekanalen.dk\/?page_id=120"},"modified":"2019-06-23T14:26:33","modified_gmt":"2019-06-23T12:26:33","slug":"demokratiradioen","status":"publish","type":"page","link":"https:\/\/roedovrekanalen.dk\/index.php\/demokratiradioen\/","title":{"rendered":"Demokratiradioen"},"content":{"rendered":"<p>&nbsp;<\/p>\n<p>&nbsp;<\/p>\n<div class=\"t pg-2m0 pg-2x2 pg-2h4 pg-2y1c pg-2ff2 pg-2fs0 pg-2fc0 pg-2sc0 pg-2ls0 pg-2ws0\"><strong>Om Demokratiradioen<span class=\"pg-2ff1\">:<\/span><\/strong><\/div>\n<div class=\"t pg-2m0 pg-2x2 pg-2h3 pg-2y1d pg-2ff1 pg-2fs0 pg-2fc0 pg-2sc0 pg-2ls0 pg-2ws0\">Demokratiradioen sender lokalpolitisk radio p\u00e5 frekvensen 105,9 MHz hver tirsdag fra kl. 18-22. Du kan ogs\u00e5 h\u00f8re Demokratiradioen som internetradio via linket her p\u00e5 siden.<\/div>\n<div class=\"t pg-2m0 pg-2x2 pg-2h3 pg-2y1f pg-2ff1 pg-2fs0 pg-2fc0 pg-2sc0 pg-2ls0 pg-2ws0\">Demokratiradioen har samme adresse som R\u00f8dovreKanalen: Foreningshuset, H\u00f8jn\u00e6svej<\/div>\n<div class=\"t pg-2m0 pg-2x2 pg-2h3 pg-2y20 pg-2ff1 pg-2fs0 pg-2fc0 pg-2sc0 pg-2ls0 pg-2ws0\">63B, 2610 R\u00f8dovre.<\/div>\n<div class=\"t pg-2m0 pg-2x2 pg-2h3 pg-2y21 pg-2ff1 pg-2fs0 pg-2fc0 pg-2sc0 pg-2ls0 pg-2ws0\">Demokratiradioen sender direkte fra kommunalbestyrelsens m\u00f8der den sidste tirsdag i m\u00e5neden. \u00d8vrige tirsdage genudsendes kommunalbestyrelsens m\u00f8de og der er programmer med lokale politikere om lokalpolitiske forhold.<\/div>\n<div class=\"t pg-2m0 pg-2x2 pg-2h3 pg-2y24 pg-2ff1 pg-2fs0 pg-2fc0 pg-2sc0 pg-2ls0 pg-2ws0\">Pr. 1. januar 2019 er det Socialdemokratiet og Dansk Folkeparti, som er medlemmer af foreningen Demokratiradioen. \u00d8vrige politiske partier med s\u00e6de i R\u00f8dovre Kommunalbestyrelse kan ogs\u00e5 benytte radioen efter aftale.<\/div>\n<div class=\"t pg-2m0 pg-2x2 pg-2h3 pg-2y27 pg-2ff1 pg-2fs0 pg-2fc0 pg-2sc0 pg-2ls0 pg-2ws0\">Det er Radio- og Tv-n\u00e6vnet som er den kompetente tilsynsmyndighed med Demokratiradioen.<\/div>\n<div class=\"t pg-2m0 pg-2x2 pg-2h3 pg-2y27 pg-2ff1 pg-2fs0 pg-2fc0 pg-2sc0 pg-2ls0 pg-2ws0\"><\/div>\n<div class=\"t pg-2m0 pg-2x2 pg-2h3 pg-2y29 pg-2ff1 pg-2fs0 pg-2fc0 pg-2sc0 pg-2ls0 pg-2ws0\">Demokratiradioens bestyrelse best\u00e5r af:<\/div>\n<div class=\"t pg-2m0 pg-2x2 pg-2h3 pg-2y2a pg-2ff1 pg-2fs0 pg-2fc0 pg-2sc0 pg-2ls0 pg-2ws0\">Ulf Taube, tlf. 2489 7151, e-mail: <span class=\"pg-2fc1\"><span class=\"pg-2fc2 pg-2sc0\">u<\/span><span class=\"pg-2fc2 pg-2sc0\">l<\/span><span class=\"pg-2fc2 pg-2sc0\">f<\/span><span class=\"pg-2fc2 pg-2sc0\">t<\/span><span class=\"pg-2fc2 pg-2sc0\">a<\/span><span class=\"pg-2fc2 pg-2sc0\">u<\/span><span class=\"pg-2fc2 pg-2sc0\">b<\/span><span class=\"pg-2fc2 pg-2sc0\">e<\/span><span class=\"pg-2fc2 pg-2sc0\">@<\/span><span class=\"pg-2fc2 pg-2sc0\">y<\/span><span class=\"pg-2fc2 pg-2sc0\">a<\/span><span class=\"pg-2fc2 pg-2sc0\">h<\/span><span class=\"pg-2fc2 pg-2sc0\">o<\/span><span class=\"pg-2fc2 pg-2sc0\">o<\/span><span class=\"pg-2fc2 pg-2sc0\">.<\/span><span class=\"pg-2fc2 pg-2sc0\">d<\/span><span class=\"pg-2fc2 pg-2sc0\">k<\/span><\/span><\/div>\n<div class=\"t pg-2m0 pg-2x2 pg-2h3 pg-2y2b pg-2ff1 pg-2fs0 pg-2fc0 pg-2sc0 pg-2ls0 pg-2ws0\">Kim Hammer (Dansk Folkeparti)<\/div>\n<div class=\"t pg-2m0 pg-2x2 pg-2h3 pg-2y2c pg-2ff1 pg-2fs0 pg-2fc0 pg-2sc0 pg-2ls0 pg-2ws0\">Ole Mathiasen (Socialdemokratiet)<\/div>\n<div class=\"t pg-2m0 pg-2x2 pg-2h3 pg-2y2d pg-2ff1 pg-2fs0 pg-2fc0 pg-2sc0 pg-2ls0 pg-2ws0\">og<\/div>\n<div class=\"t pg-2m0 pg-2x2 pg-2h3 pg-2y2e pg-2ff1 pg-2fs0 pg-2fc0 pg-2sc0 pg-2ls0 pg-2ws0\">Jens Spiegelhauer er foreningens kasserer<\/div>\n<div class=\"t pg-2m0 pg-2x2 pg-2h3 pg-2y2e pg-2ff1 pg-2fs0 pg-2fc0 pg-2sc0 pg-2ls0 pg-2ws0\"><\/div>\n<div class=\"t pg-2m0 pg-2x2 pg-2h3 pg-2y2e pg-2ff1 pg-2fs0 pg-2fc0 pg-2sc0 pg-2ls0 pg-2ws0\"><\/div>\n<div class=\"t pg-2m0 pg-2x2 pg-2h3 pg-2y2e pg-2ff1 pg-2fs0 pg-2fc0 pg-2sc0 pg-2ls0 pg-2ws0\">\n<div class=\"t pg-3m0 pg-3x1 pg-3h2 pg-3y1 pg-3ff1 pg-3fs0 pg-3fc0 pg-3sc0 pg-3ls0 pg-3ws0\">Demokratiradioens vedt\u00e6gter:<\/div>\n<div class=\"t pg-3m0 pg-3x1 pg-3h2 pg-3y2 pg-3ff1 pg-3fs0 pg-3fc0 pg-3sc0 pg-3ls0 pg-3ws0\">\u00a71<\/div>\n<div class=\"t pg-3m0 pg-3x1 pg-3h2 pg-3y3 pg-3ff1 pg-3fs0 pg-3fc0 pg-3sc0 pg-3ls0 pg-3ws0\">Foreningens navn er \u201dDemokratiradioen i R\u00f8dovre\u201d eller bare \u201dDemokratiradioen\u201d.<\/div>\n<div class=\"t pg-3m0 pg-3x1 pg-3h2 pg-3y4 pg-3ff1 pg-3fs0 pg-3fc0 pg-3sc0 pg-3ls0 pg-3ws0\">Hjemsted og v\u00e6rneting er R\u00f8dovre kommune.<\/div>\n<div class=\"t pg-3m0 pg-3x1 pg-3h2 pg-3y5 pg-3ff1 pg-3fs0 pg-3fc0 pg-3sc0 pg-3ls0 pg-3ws0\">\u00a72<\/div>\n<div class=\"t pg-3m0 pg-3x1 pg-3h2 pg-3y6 pg-3ff1 pg-3fs0 pg-3fc0 pg-3sc0 pg-3ls0 pg-3ws0\">Foreningens form\u00e5l er at drive radio- og medievirksomhed ud fra et alsidighedsprincip \u2013<\/div>\n<div class=\"t pg-3m0 pg-3x1 pg-3h2 pg-3y7 pg-3ff1 pg-3fs0 pg-3fc0 pg-3sc0 pg-3ls0 pg-3ws0\">med fokus p\u00e5 demokratisk debat, s\u00e5 alle opstillingsberettigede partier har mulighed for at<\/div>\n<div class=\"t pg-3m0 pg-3x1 pg-3h2 pg-3y8 pg-3ff1 pg-3fs0 pg-3fc0 pg-3sc0 pg-3ls0 pg-3ws0\">komme til orde.<\/div>\n<div class=\"t pg-3m0 pg-3x1 pg-3h2 pg-3y9 pg-3ff1 pg-3fs0 pg-3fc0 pg-3sc0 pg-3ls0 pg-3ws0\">\u00a73<\/div>\n<div class=\"t pg-3m0 pg-3x1 pg-3h2 pg-3ya pg-3ff1 pg-3fs0 pg-3fc0 pg-3sc0 pg-3ls0 pg-3ws0\">Foreningens Kapitalgrundlag udg\u00f8res af \u00e5rskontingenterne fra medlemmerne.<\/div>\n<div class=\"t pg-3m0 pg-3x1 pg-3h2 pg-3yb pg-3ff1 pg-3fs0 pg-3fc0 pg-3sc0 pg-3ls0 pg-3ws0\">\u00a74<\/div>\n<div class=\"t pg-3m0 pg-3x1 pg-3h2 pg-3yc pg-3ff1 pg-3fs0 pg-3fc0 pg-3sc0 pg-3ls0 pg-3ws0\">Kontingentet fasts\u00e6ttes p\u00e5 den \u00e5rlige generalforsamling med kontingent for hhv.<\/div>\n<div class=\"t pg-3m0 pg-3x1 pg-3h2 pg-3yd pg-3ff1 pg-3fs0 pg-3fc0 pg-3sc0 pg-3ls0 pg-3ws0\">foreninger og personer.<\/div>\n<div class=\"t pg-3m0 pg-3x1 pg-3h2 pg-3ye pg-3ff1 pg-3fs0 pg-3fc0 pg-3sc0 pg-3ls0 pg-3ws0\">\u00a75<\/div>\n<div class=\"t pg-3m0 pg-3x1 pg-3h2 pg-3yf pg-3ff1 pg-3fs0 pg-3fc0 pg-3sc0 pg-3ls0 pg-3ws0\">Som medlemmer af Demokratiradioen kan optages enkeltpersoner og foreninger med<\/div>\n<div class=\"t pg-3m0 pg-3x1 pg-3h2 pg-3y10 pg-3ff1 pg-3fs0 pg-3fc0 pg-3sc0 pg-3ls0 pg-3ws0\">tilknytning til R\u00f8dovre. Alle nye medlemmer skal formelt godkendes p\u00e5 f\u00f8rstkommende<\/div>\n<div class=\"t pg-3m0 pg-3x1 pg-3h2 pg-3y11 pg-3ff1 pg-3fs0 pg-3fc0 pg-3sc0 pg-3ls0 pg-3ws0\">generalforsamling. Bestyrelsen kan dog godkende midlertidig optagelse af nye<\/div>\n<div class=\"t pg-3m0 pg-3x1 pg-3h2 pg-3y12 pg-3ff1 pg-3fs0 pg-3fc0 pg-3sc0 pg-3ls0 pg-3ws0\">medlemmer.<\/div>\n<div class=\"t pg-3m0 pg-3x1 pg-3h2 pg-3y13 pg-3ff1 pg-3fs0 pg-3fc0 pg-3sc0 pg-3ls0 pg-3ws0\">\u00a76<\/div>\n<div class=\"t pg-3m0 pg-3x1 pg-3h2 pg-3y14 pg-3ff1 pg-3fs0 pg-3fc0 pg-3sc0 pg-3ls0 pg-3ws0\">Medlemmerne af Demokratiradioen h\u00e6fter ikke ud over deres kontingent og kan ikke ved<\/div>\n<div class=\"t pg-3m0 pg-3x1 pg-3h2 pg-3y15 pg-3ff1 pg-3fs0 pg-3fc0 pg-3sc0 pg-3ls0 pg-3ws0\">nogen generalforsamlingsbeslutning forpligtes at g\u00f8re yderligere indbetaling.<\/div>\n<div class=\"t pg-3m0 pg-3x1 pg-3h2 pg-3y16 pg-3ff1 pg-3fs0 pg-3fc0 pg-3sc0 pg-3ls0 pg-3ws0\">\u00a77<\/div>\n<div class=\"t pg-3m0 pg-3x1 pg-3h2 pg-3y17 pg-3ff1 pg-3fs0 pg-3fc0 pg-3sc0 pg-3ls0 pg-3ws0\">Generalforsamlingen har den h\u00f8jeste myndighed i foreningens anliggende.<\/div>\n<div class=\"t pg-3m0 pg-3x1 pg-3h2 pg-3y18 pg-3ff1 pg-3fs0 pg-3fc0 pg-3sc0 pg-3ls0 pg-3ws0\">\u00a78<\/div>\n<div class=\"t pg-3m0 pg-3x1 pg-3h2 pg-3y19 pg-3ff1 pg-3fs0 pg-3fc0 pg-3sc0 pg-3ls0 pg-3ws0\">Ordin\u00e6r generalforsamling afholdes hvert \u00e5r inden udgangen af marts m\u00e5ned i R\u00f8dovre<\/div>\n<div class=\"t pg-3m0 pg-3x1 pg-3h2 pg-3y1a pg-3ff1 pg-3fs0 pg-3fc0 pg-3sc0 pg-3ls0 pg-3ws0\">kommune.<\/div>\n<div class=\"t pg-3m0 pg-3x1 pg-3h2 pg-3y1b pg-3ff1 pg-3fs0 pg-3fc0 pg-3sc0 pg-3ls0 pg-3ws0\">Stk.1. Generalforsamlingen indkaldes af bestyrelsen med min. 14 dages varsel ved<\/div>\n<div class=\"t pg-3m0 pg-3x1 pg-3h2 pg-3y1c pg-3ff1 pg-3fs0 pg-3fc0 pg-3sc0 pg-3ls0 pg-3ws0\">besked til foreningens medlemmer.<\/div>\n<div class=\"t pg-3m0 pg-3x1 pg-3h2 pg-3y1d pg-3ff1 pg-3fs0 pg-3fc0 pg-3sc0 pg-3ls0 pg-3ws0\">Stk. 2. Forslag fra medlemmerne til behandling p\u00e5 den ordin\u00e6re generalforsamling skal<\/div>\n<div class=\"t pg-3m0 pg-3x1 pg-3h2 pg-3y1e pg-3ff1 pg-3fs0 pg-3fc0 pg-3sc0 pg-3ls0 pg-3ws0\">v\u00e6re bestyrelsen i h\u00e6nde senest 14 dage inden generalforsamlingen.<\/div>\n<div class=\"t pg-3m0 pg-3x1 pg-3h2 pg-3y1f pg-3ff1 pg-3fs0 pg-3fc0 pg-3sc0 pg-3ls0 pg-3ws0\">Stk. 3. Senest otte dage forud for den ordin\u00e6re generalforsamling kan medlemmerne<\/div>\n<div class=\"t pg-3m0 pg-3x1 pg-3h2 pg-3y20 pg-3ff1 pg-3fs0 pg-3fc0 pg-3sc0 pg-3ls0 pg-3ws0\">kr\u00e6ve forslag, regnskab og revisionsberetning tilsendt p\u00e5 mail.<\/div>\n<div class=\"t pg-3m0 pg-3x1 pg-3h2 pg-3y21 pg-3ff1 pg-3fs0 pg-3fc0 pg-3sc0 pg-3ls0 pg-3ws0\">\u00a79<\/div>\n<div class=\"t pg-3m0 pg-3x1 pg-3h2 pg-3y22 pg-3ff1 pg-3fs0 pg-3fc0 pg-3sc0 pg-3ls0 pg-3ws0\">Dagsorden p\u00e5 den ordin\u00e6re generalforsamling skal omfatte:<\/div>\n<div class=\"t pg-3m0 pg-3x1 pg-3h2 pg-3y23 pg-3ff1 pg-3fs0 pg-3fc0 pg-3sc0 pg-3ls0 pg-3ws0\">1. Valg af dirigent<\/div>\n<div class=\"t pg-3m0 pg-3x1 pg-3h2 pg-3y24 pg-3ff1 pg-3fs0 pg-3fc0 pg-3sc0 pg-3ls0 pg-3ws0\">2. Valg af referent<\/div>\n<div class=\"t pg-3m0 pg-3x1 pg-3h2 pg-3y25 pg-3ff1 pg-3fs0 pg-3fc0 pg-3sc0 pg-3ls0 pg-3ws0\">3. Bestyrelsens beretning<\/div>\n<div class=\"t pg-3m0 pg-3x1 pg-3h2 pg-3y26 pg-3ff1 pg-3fs0 pg-3fc0 pg-3sc0 pg-3ls0 pg-3ws0\">4. Regnskab, resultatopg\u00f8relse samt status<\/div>\n<div class=\"t pg-3m0 pg-3x1 pg-3h2 pg-3y27 pg-3ff1 pg-3fs0 pg-3fc0 pg-3sc0 pg-3ls0 pg-3ws0\">5. Beslutning om anvendelse af overskud eller d\u00e6kning af tab i henhold til det godkendte<\/div>\n<div class=\"t pg-3m0 pg-3x1 pg-3h2 pg-3y28 pg-3ff1 pg-3fs0 pg-3fc0 pg-3sc0 pg-3ls0 pg-3ws0\">regnskab.<\/div>\n<div class=\"t pg-3m0 pg-3x1 pg-3h2 pg-3y29 pg-3ff1 pg-3fs0 pg-3fc0 pg-3sc0 pg-3ls0 pg-3ws0\">6.Indkomne forslag \u2013 herunder fremtidig virksomhed<\/div>\n<div class=\"t pg-3m0 pg-3x1 pg-3h2 pg-3y2a pg-3ff1 pg-3fs0 pg-3fc0 pg-3sc0 pg-3ls0 pg-3ws0\">7. Fasts\u00e6ttelse af kontingent for foreninger og personer<\/div>\n<div class=\"t pg-3m0 pg-3x1 pg-3h2 pg-3y2b pg-3ff1 pg-3fs0 pg-3fc0 pg-3sc0 pg-3ls0 pg-3ws0\">8. Valg af bestyrelse samt evt. \u00e9n bestyrelsessuppleant<\/div>\n<div class=\"t pg-3m0 pg-3x1 pg-3h2 pg-3y2c pg-3ff1 pg-3fs0 pg-3fc0 pg-3sc0 pg-3ls0 pg-3ws0\">9. Valg af revisor og revisorsuppleant<\/div>\n<div class=\"t pg-3m0 pg-3x1 pg-3h2 pg-3y2d pg-3ff1 pg-3fs0 pg-3fc0 pg-3sc0 pg-3ls0 pg-3ws0\">10. Eventuel<\/div>\n<\/div>\n<div class=\"t pg-2m0 pg-2x2 pg-2h3 pg-2y2e pg-2ff1 pg-2fs0 pg-2fc0 pg-2sc0 pg-2ls0 pg-2ws0\">\u00a0\u00a7 10<\/p>\n<div class=\"t pg-4m0 pg-4x1 pg-4h2 pg-4y2 pg-4ff1 pg-4fs0 pg-4fc0 pg-4sc0 pg-4ls0 pg-4ws0\">Valgperioden for bestyrelsesmedlemmer er 1 \u00e5r. Valgperioden for bestyrelsessuppleanter<\/div>\n<div class=\"t pg-4m0 pg-4x1 pg-4h2 pg-4y3 pg-4ff1 pg-4fs0 pg-4fc0 pg-4sc0 pg-4ls0 pg-4ws0\">er \u00e9t \u00e5r.<\/div>\n<div class=\"t pg-4m0 pg-4x1 pg-4h2 pg-4y4 pg-4ff1 pg-4fs0 pg-4fc0 pg-4sc0 pg-4ls0 pg-4ws0\">\u00a7 11<\/div>\n<div class=\"t pg-4m0 pg-4x1 pg-4h2 pg-4y5 pg-4ff1 pg-4fs0 pg-4fc0 pg-4sc0 pg-4ls0 pg-4ws0\">P\u00e5 generalforsamlingen afg\u00f8res alle anliggende ved simpel stemmeflerhed<\/div>\n<div class=\"t pg-4m0 pg-4x1 pg-4h2 pg-4y6 pg-4ff1 pg-4fs0 pg-4fc0 pg-4sc0 pg-4ls0 pg-4ws0\">Stk. 1. Dog kr\u00e6ver \u00e6ndringer af vedt\u00e6gterne, at beslutningen vedtages med 2\/3 af de<\/div>\n<div class=\"t pg-4m0 pg-4x1 pg-4h2 pg-4y7 pg-4ff1 pg-4fs0 pg-4fc0 pg-4sc0 pg-4ls0 pg-4ws0\">afgivne stemmer.<\/div>\n<div class=\"t pg-4m0 pg-4x1 pg-4h2 pg-4y8 pg-4ff1 pg-4fs0 pg-4fc0 pg-4sc0 pg-4ls0 pg-4ws0\">\u00a7 12<\/div>\n<div class=\"t pg-4m0 pg-4x1 pg-4h2 pg-4y9 pg-4ff1 pg-4fs0 pg-4fc0 pg-4sc0 pg-4ls0 pg-4ws0\">P\u00e5 generalforsamlingen har medlemmerne taleret, m\u00f8deret og stemmeret. Foreninger<\/div>\n<div class=\"t pg-4m0 pg-4x1 pg-4h2 pg-4ya pg-4ff1 pg-4fs0 pg-4fc0 pg-4sc0 pg-4ls0 pg-4ws0\">optaget som medlemmer kan lade sig repr\u00e6sentere ved \u00e9n person udsendt til at varetage<\/div>\n<div class=\"t pg-4m0 pg-4x1 pg-4h2 pg-4yb pg-4ff1 pg-4fs0 pg-4fc0 pg-4sc0 pg-4ls0 pg-4ws0\">tale, m\u00f8de- og stemmeret.<\/div>\n<div class=\"t pg-4m0 pg-4x1 pg-4h2 pg-4yc pg-4ff1 pg-4fs0 pg-4fc0 pg-4sc0 pg-4ls0 pg-4ws0\">\u00a7 13<\/div>\n<div class=\"t pg-4m0 pg-4x1 pg-4h2 pg-4yd pg-4ff1 pg-4fs0 pg-4fc0 pg-4sc0 pg-4ls0 pg-4ws0\">Der f\u00f8res protokol over forhandlingerne p\u00e5 generalforsamlingen, som underskrives af<\/div>\n<div class=\"t pg-4m0 pg-4x1 pg-4h2 pg-4ye pg-4ff1 pg-4fs0 pg-4fc0 pg-4sc0 pg-4ls0 pg-4ws0\">dirigenten.<\/div>\n<div class=\"t pg-4m0 pg-4x1 pg-4h2 pg-4yf pg-4ff1 pg-4fs0 pg-4fc0 pg-4sc0 pg-4ls0 pg-4ws0\">\u00a7 14<\/div>\n<div class=\"t pg-4m0 pg-4x1 pg-4h2 pg-4y10 pg-4ff1 pg-4fs0 pg-4fc0 pg-4sc0 pg-4ls0 pg-4ws0\">Ekstraordin\u00e6r generalforsamling afholdes n\u00e5r en generalforsamling eller bestyrelsen har<\/div>\n<div class=\"t pg-4m0 pg-4x1 pg-4h2 pg-4y11 pg-4ff1 pg-4fs0 pg-4fc0 pg-4sc0 pg-4ls0 pg-4ws0\">besluttet det \u2013 samt n\u00e5r mindst 3\/5 af medlemmerne skriftligt tilkendegiver dette. Et s\u00e5dant<\/div>\n<div class=\"t pg-4m0 pg-4x1 pg-4h2 pg-4y12 pg-4ff1 pg-4fs0 pg-4fc0 pg-4sc0 pg-4ls0 pg-4ws0\">forlangende skal indeholde angivelse af de emner, som \u00f8nskes behandlet p\u00e5<\/div>\n<div class=\"t pg-4m0 pg-4x1 pg-4h2 pg-4y13 pg-4ff1 pg-4fs0 pg-4fc0 pg-4sc0 pg-4ls0 pg-4ws0\">generalforsamlingen.<\/div>\n<div class=\"t pg-4m0 pg-4x1 pg-4h2 pg-4y14 pg-4ff1 pg-4fs0 pg-4fc0 pg-4sc0 pg-4ls0 pg-4ws0\">Stk. 1. Bestyrelsen skal inden 14 dage efter forlangendes modtagelse indkalde<\/div>\n<div class=\"t pg-4m0 pg-4x1 pg-4h2 pg-4y15 pg-4ff1 pg-4fs0 pg-4fc0 pg-4sc0 pg-4ls0 pg-4ws0\">generalforsamlingen med 14 dages varsel.<\/div>\n<div class=\"t pg-4m0 pg-4x1 pg-4h2 pg-4y16 pg-4ff1 pg-4fs0 pg-4fc0 pg-4sc0 pg-4ls0 pg-4ws0\">Stk. 2. Bestemmelserne i \u00a7\u00a7 11-13 g\u00e6lder ogs\u00e5 for ekstraordin\u00e6re generalforsamlinger.<\/div>\n<div class=\"t pg-4m0 pg-4x1 pg-4h2 pg-4y17 pg-4ff1 pg-4fs0 pg-4fc0 pg-4sc0 pg-4ls0 pg-4ws0\">\u00a7 15<\/div>\n<div class=\"t pg-4m0 pg-4x1 pg-4h2 pg-4y18 pg-4ff1 pg-4fs0 pg-4fc0 pg-4sc0 pg-4ls0 pg-4ws0\">Foreningen ledes af en bestyrelse p\u00e5 tre-fem personer, som v\u00e6lges af og blandt<\/div>\n<div class=\"t pg-4m0 pg-4x1 pg-4h2 pg-4y19 pg-4ff1 pg-4fs0 pg-4fc0 pg-4sc0 pg-4ls0 pg-4ws0\">generalforsamlingens stemmeberettigede deltagere.<\/div>\n<div class=\"t pg-4m0 pg-4x1 pg-4h2 pg-4y1a pg-4ff1 pg-4fs0 pg-4fc0 pg-4sc0 pg-4ls0 pg-4ws0\">Stk. 1. Bestyrelsen kan indv\u00e6lge \u00e9n enstemmigt valgt f\u00e6llesrepr\u00e6sentant, som fungerer<\/div>\n<div class=\"t pg-4m0 pg-4x1 pg-4h2 pg-4y1b pg-4ff1 pg-4fs0 pg-4fc0 pg-4sc0 pg-4ls0 pg-4ws0\">p\u00e5 lige fod med resten af bestyrelsen.<\/div>\n<div class=\"t pg-4m0 pg-4x1 pg-4h2 pg-4y1c pg-4ff1 pg-4fs0 pg-4fc0 pg-4sc0 pg-4ls0 pg-4ws0\">\u00a7 16<\/div>\n<div class=\"t pg-4m0 pg-4x1 pg-4h2 pg-4y1d pg-4ff1 pg-4fs0 pg-4fc0 pg-4sc0 pg-4ls0 pg-4ws0\">Bestyrelsen varetager ledelsen af foreningens anliggender under ansvar overfor<\/div>\n<div class=\"t pg-4m0 pg-4x1 pg-4h2 pg-4y1e pg-4ff1 pg-4fs0 pg-4fc0 pg-4sc0 pg-4ls0 pg-4ws0\">generalforsamlingen.<\/div>\n<div class=\"t pg-4m0 pg-4x1 pg-4h2 pg-4y1f pg-4ff1 pg-4fs0 pg-4fc0 pg-4sc0 pg-4ls0 pg-4ws0\">Stk. 1. Bestyrelsen v\u00e6lger i sin midte en formand, n\u00e6stformand, kasserer og sekret\u00e6r.<\/div>\n<div class=\"t pg-4m0 pg-4x1 pg-4h2 pg-4y20 pg-4ff1 pg-4fs0 pg-4fc0 pg-4sc0 pg-4ls0 pg-4ws0\">\u00a7 17<\/div>\n<div class=\"t pg-4m0 pg-4x1 pg-4h2 pg-4y21 pg-4ff1 pg-4fs0 pg-4fc0 pg-4sc0 pg-4ls0 pg-4ws0\">Bestyrelsesm\u00f8de afholdes mindst to gange \u00e5rligt. Bestyrelsen fasts\u00e6tter selv sin<\/div>\n<div class=\"t pg-4m0 pg-4x1 pg-4h2 pg-4y22 pg-4ff1 pg-4fs0 pg-4fc0 pg-4sc0 pg-4ls0 pg-4ws0\">forretningsorden.<\/div>\n<div class=\"t pg-4m0 pg-4x1 pg-4h2 pg-4y23 pg-4ff1 pg-4fs0 pg-4fc0 pg-4sc0 pg-4ls0 pg-4ws0\">\u00a7 18<\/div>\n<div class=\"t pg-4m0 pg-4x1 pg-4h2 pg-4y24 pg-4ff1 pg-4fs0 pg-4fc0 pg-4sc0 pg-4ls0 pg-4ws0\">Foreningen forpligtes ved underskrift af to bestyrelsesmedlemmer, hvoraf den ene skal<\/div>\n<div class=\"t pg-4m0 pg-4x1 pg-4h2 pg-4y25 pg-4ff1 pg-4fs0 pg-4fc0 pg-4sc0 pg-4ls0 pg-4ws0\">v\u00e6re formanden.<\/div>\n<div class=\"t pg-4m0 pg-4x1 pg-4h2 pg-4y26 pg-4ff1 pg-4fs0 pg-4fc0 pg-4sc0 pg-4ls0 pg-4ws0\">Stk. 1. Bestyrelsen kan meddele foreningens kasserer fuldmagt til at modtage<\/div>\n<div class=\"t pg-4m0 pg-4x1 pg-4h2 pg-4y27 pg-4ff1 pg-4fs0 pg-4fc0 pg-4sc0 pg-4ls0 pg-4ws0\">indbetalinger og betale indg\u00e5ede forpligtelser.<\/div>\n<div class=\"t pg-4m0 pg-4x1 pg-4h2 pg-4y28 pg-4ff1 pg-4fs0 pg-4fc0 pg-4sc0 pg-4ls0 pg-4ws0\">Stk. 2. Foreningen h\u00e6fter kun for sine forpligtelser med den af foreningen til enhver tid<\/div>\n<div class=\"t pg-4m0 pg-4x1 pg-4h2 pg-4y29 pg-4ff1 pg-4fs0 pg-4fc0 pg-4sc0 pg-4ls0 pg-4ws0\">tilh\u00f8rende formue.<\/div>\n<div class=\"t pg-4m0 pg-4x1 pg-4h2 pg-4y2a pg-4ff1 pg-4fs0 pg-4fc0 pg-4sc0 pg-4ls0 pg-4ws0\">\u00a7 19<\/div>\n<div class=\"t pg-4m0 pg-4x1 pg-4h2 pg-4y2b pg-4ff1 pg-4fs0 pg-4fc0 pg-4sc0 pg-4ls0 pg-4ws0\">Foreningens regnskab revideres af en p\u00e5 generalforsamlingen valgt revisor. Revisor<\/div>\n<div class=\"t pg-4m0 pg-4x1 pg-4h2 pg-4y2c pg-4ff1 pg-4fs0 pg-4fc0 pg-4sc0 pg-4ls0 pg-4ws0\">fungerer indtil en generalforsamling v\u00e6lger en ny revisor.<\/div>\n<div class=\"t pg-4m0 pg-4x1 pg-4h2 pg-4y2d pg-4ff1 pg-4fs0 pg-4fc0 pg-4sc0 pg-4ls0 pg-4ws0\">\u00a7 20<\/div>\n<div class=\"t pg-4m0 pg-4x1 pg-4h2 pg-4y2e pg-4ff1 pg-4fs0 pg-4fc0 pg-4sc0 pg-4ls0 pg-4ws0\">Foreningens regnskab f\u00f8lger kalender\u00e5ret<\/div>\n<div class=\"t pg-4m0 pg-4x1 pg-4h2 pg-4y2e pg-4ff1 pg-4fs0 pg-4fc0 pg-4sc0 pg-4ls0 pg-4ws0\">\n<div class=\"t pg-5m0 pg-5x1 pg-5h2 pg-5y1 pg-5ff1 pg-5fs0 pg-5fc0 pg-5sc0 pg-5ls0 pg-5ws0\">\u00a7 21<\/div>\n<div class=\"t pg-5m0 pg-5x1 pg-5h2 pg-5y2 pg-5ff1 pg-5fs0 pg-5fc0 pg-5sc0 pg-5ls0 pg-5ws0\">Foreningen opl\u00f8sning eller omdannelse skal forel\u00e6gges en ordin\u00e6r generalforsamling<\/div>\n<div class=\"t pg-5m0 pg-5x1 pg-5h2 pg-5y3 pg-5ff1 pg-5fs0 pg-5fc0 pg-5sc0 pg-5ls0 pg-5ws0\">eller en ekstraordin\u00e6r generalforsamling.<\/div>\n<div class=\"t pg-5m0 pg-5x1 pg-5h2 pg-5y4 pg-5ff1 pg-5fs0 pg-5fc0 pg-5sc0 pg-5ls0 pg-5ws0\">Stk. 1. Der skal v\u00e6re majoritet p\u00e5 2\/3 af de afgivne stemmer for at gyldig beslutning kan<\/div>\n<div class=\"t pg-5m0 pg-5x1 pg-5h2 pg-5y5 pg-5ff1 pg-5fs0 pg-5fc0 pg-5sc0 pg-5ls0 pg-5ws0\">vedtages.<\/div>\n<div class=\"t pg-5m0 pg-5x1 pg-5h2 pg-5y6 pg-5ff1 pg-5fs0 pg-5fc0 pg-5sc0 pg-5ls0 pg-5ws0\">Stk. 2. Ved foreningen opl\u00f8sning skal et evt. overskud anvendes til medie-form\u00e5l eller<\/div>\n<div class=\"t pg-5m0 pg-5x1 pg-5h2 pg-5y7 pg-5ff1 pg-5fs0 pg-5fc0 pg-5sc0 pg-5ls0 pg-5ws0\">almennyttige kulturelle form\u00e5l.<\/div>\n<div class=\"t pg-5m0 pg-5x1 pg-5h2 pg-5y8 pg-5ff1 pg-5fs0 pg-5fc0 pg-5sc0 pg-5ls0 pg-5ws0\">\u00a7 22<\/div>\n<div class=\"t pg-5m0 pg-5x1 pg-5h2 pg-5y9 pg-5ff1 pg-5fs0 pg-5fc0 pg-5sc0 pg-5ls0 pg-5ws0\">Vedt\u00e6gterne tr\u00e6der i kraft med virkning efter generalforsamlingen.<\/div>\n<div class=\"t pg-5m0 pg-5x1 pg-5h2 pg-5ya pg-5ff1 pg-5fs0 pg-5fc0 pg-5sc0 pg-5ls0 pg-5ws0\">Stk. 1. Dog kan en enig generalforsamling, hvor mindst 2\/3 af medlemmerne er<\/div>\n<div class=\"t pg-5m0 pg-5x1 pg-5h2 pg-5yb pg-5ff1 pg-5fs0 pg-5fc0 pg-5sc0 pg-5ls0 pg-5ws0\">repr\u00e6senterede, beslutte at anvende nye vedt\u00e6gter med virkning umiddelbart efter<\/div>\n<div class=\"t pg-5m0 pg-5x1 pg-5h2 pg-5yc pg-5ff1 pg-5fs0 pg-5fc0 pg-5sc0 pg-5ls0 pg-5ws0\">vedtagelse.<\/div>\n<div class=\"t pg-5m0 pg-5x1 pg-5h2 pg-5yd pg-5ff1 pg-5fs0 pg-5fc0 pg-5sc0 pg-5ls0 pg-5ws0\">S\u00e5ledes vedtaget p\u00e5 ekstraordin\u00e6r generalforsamling den 8. april 2013.<\/div>\n<\/div>\n<div class=\"t pg-4m0 pg-4x1 pg-4h2 pg-4y19 pg-4ff1 pg-4fs0 pg-4fc0 pg-4sc0 pg-4ls0 pg-4ws0\"><\/div>\n<\/div>\n","protected":false},"excerpt":{"rendered":"<p>&nbsp; &nbsp; Om Demokratiradioen: Demokratiradioen sender lokalpolitisk radio p\u00e5 frekvensen 105,9 MHz hver tirsdag fra kl. 18-22. Du kan ogs\u00e5 h\u00f8re Demokratiradioen som internetradio via linket her p\u00e5 siden. Demokratiradioen har samme adresse som R\u00f8dovreKanalen: Foreningshuset, H\u00f8jn\u00e6svej 63B, 2610 R\u00f8dovre. Demokratiradioen sender direkte fra kommunalbestyrelsens m\u00f8der den sidste tirsdag i m\u00e5neden. \u00d8vrige tirsdage genudsendes kommunalbestyrelsens &hellip; <a href=\"https:\/\/roedovrekanalen.dk\/index.php\/demokratiradioen\/\" class=\"more-link\">L\u00e6s videre <span class=\"screen-reader-text\">Demokratiradioen<\/span> <span class=\"meta-nav\">&rarr;<\/span><\/a><\/p>\n","protected":false},"author":3,"featured_media":0,"parent":0,"menu_order":4,"comment_status":"closed","ping_status":"closed","template":"","meta":{"_piecal_is_event":false,"_piecal_start_date":"","_piecal_end_date":"","_piecal_is_allday":false,"_mc_calendar":[],"footnotes":""},"class_list":["post-120","page","type-page","status-publish","hentry"],"_links":{"self":[{"href":"https:\/\/roedovrekanalen.dk\/index.php\/wp-json\/wp\/v2\/pages\/120","targetHints":{"allow":["GET"]}}],"collection":[{"href":"https:\/\/roedovrekanalen.dk\/index.php\/wp-json\/wp\/v2\/pages"}],"about":[{"href":"https:\/\/roedovrekanalen.dk\/index.php\/wp-json\/wp\/v2\/types\/page"}],"author":[{"embeddable":true,"href":"https:\/\/roedovrekanalen.dk\/index.php\/wp-json\/wp\/v2\/users\/3"}],"replies":[{"embeddable":true,"href":"https:\/\/roedovrekanalen.dk\/index.php\/wp-json\/wp\/v2\/comments?post=120"}],"version-history":[{"count":6,"href":"https:\/\/roedovrekanalen.dk\/index.php\/wp-json\/wp\/v2\/pages\/120\/revisions"}],"predecessor-version":[{"id":136,"href":"https:\/\/roedovrekanalen.dk\/index.php\/wp-json\/wp\/v2\/pages\/120\/revisions\/136"}],"wp:attachment":[{"href":"https:\/\/roedovrekanalen.dk\/index.php\/wp-json\/wp\/v2\/media?parent=120"}],"curies":[{"name":"wp","href":"https:\/\/api.w.org\/{rel}","templated":true}]}}