{"id":126,"date":"2019-06-23T13:19:10","date_gmt":"2019-06-23T11:19:10","guid":{"rendered":"http:\/\/roedovrekanalen.dk\/?page_id=126"},"modified":"2022-09-21T13:49:53","modified_gmt":"2022-09-21T11:49:53","slug":"kontakt","status":"publish","type":"page","link":"https:\/\/roedovrekanalen.dk\/index.php\/kontakt\/","title":{"rendered":"Kontakt"},"content":{"rendered":"<p>Hvis du vil i kontakt med radioen er du velkommen til at skrive en mail til os p\u00e5 helmsmathiasen@gmail.com<\/p>\n<p>Hvis du vil sende os musik er vores adresse:<\/p>\n<p style=\"text-align: left;\">R\u00f8dovreKanalen , Foreningshuset, H\u00f8jn\u00e6svej 63, 2610 R\u00f8dovre.<\/p>\n<p>MP3 filer : helmsmathiasen@gmail.com<\/p>\n","protected":false},"excerpt":{"rendered":"<p>Hvis du vil i kontakt med radioen er du velkommen til at skrive en mail til os p\u00e5 helmsmathiasen@gmail.com Hvis du vil sende os musik er vores adresse: R\u00f8dovreKanalen , Foreningshuset, H\u00f8jn\u00e6svej 63, 2610 R\u00f8dovre. MP3 filer : helmsmathiasen@gmail.com<\/p>\n","protected":false},"author":3,"featured_media":0,"parent":0,"menu_order":3,"comment_status":"closed","ping_status":"open","template":"","meta":{"_piecal_is_event":false,"_piecal_start_date":"","_piecal_end_date":"","_piecal_is_allday":false,"_mc_calendar":[],"footnotes":""},"class_list":["post-126","page","type-page","status-publish","hentry"],"_links":{"self":[{"href":"https:\/\/roedovrekanalen.dk\/index.php\/wp-json\/wp\/v2\/pages\/126","targetHints":{"allow":["GET"]}}],"collection":[{"href":"https:\/\/roedovrekanalen.dk\/index.php\/wp-json\/wp\/v2\/pages"}],"about":[{"href":"https:\/\/roedovrekanalen.dk\/index.php\/wp-json\/wp\/v2\/types\/page"}],"author":[{"embeddable":true,"href":"https:\/\/roedovrekanalen.dk\/index.php\/wp-json\/wp\/v2\/users\/3"}],"replies":[{"embeddable":true,"href":"https:\/\/roedovrekanalen.dk\/index.php\/wp-json\/wp\/v2\/comments?post=126"}],"version-history":[{"count":3,"href":"https:\/\/roedovrekanalen.dk\/index.php\/wp-json\/wp\/v2\/pages\/126\/revisions"}],"predecessor-version":[{"id":179,"href":"https:\/\/roedovrekanalen.dk\/index.php\/wp-json\/wp\/v2\/pages\/126\/revisions\/179"}],"wp:attachment":[{"href":"https:\/\/roedovrekanalen.dk\/index.php\/wp-json\/wp\/v2\/media?parent=126"}],"curies":[{"name":"wp","href":"https:\/\/api.w.org\/{rel}","templated":true}]}}