{"id":2,"date":"2015-04-26T05:21:07","date_gmt":"2015-04-26T03:21:07","guid":{"rendered":"http:\/\/178.33.82.88\/?page_id=2"},"modified":"2026-04-11T18:26:31","modified_gmt":"2026-04-11T16:26:31","slug":"sample-page","status":"publish","type":"page","link":"https:\/\/roedovrekanalen.dk\/","title":{"rendered":"Om R\u00f8dovreKanalen"},"content":{"rendered":"<p>NB! Hvis du vil sende en besked til R\u00f8dovreKanalen &#8211; g\u00f8r det gerne p\u00e5 vores Facebookside: <a href=\"https:\/\/da-dk.facebook.com\/pages\/category\/Radio-Station\/R%C3%B8dovreKanalen-234065706631877\/\">R\u00f8dovreKanalen<\/a>.<\/p>\n<p>R\u00f8dovreKanalen p\u00e5 105.9MHz sender de lokale nyheder , samtaler med mennesker med noget p\u00e5 hjertet og \u00a0god musik for enhver smag.<\/p>\n<div class=\"t pg-1m0 pg-1x2 pg-1h3 pg-1y6 pg-1ff1 pg-1fs0 pg-1fc0 pg-1sc0 pg-1ls0 pg-1ws0\">R\u00f8dovreKanalen er en ikke-kommerciel og reklamefri lokalradio for de fleste.<\/div>\n<div class=\"t pg-1m0 pg-1x2 pg-1h3 pg-1y7 pg-1ff1 pg-1fs0 pg-1fc0 pg-1sc0 pg-1ls0 pg-1ws0\">Du kan h\u00f8re os p\u00e5 FM frekvensen 105,9 MHz, eller som internetradio via hjemmesiden \u00a0<a href=\"http:\/\/www.r\u00f8dovrekanalen.dk\">www.r\u00f8dovrekanalen.dk<\/a><br \/>Du kan ogs\u00e5 h\u00f8re os online p\u00e5<\/div>\n<div class=\"t pg-1m0 pg-1x2 pg-1h3 pg-1y7 pg-1ff1 pg-1fs0 pg-1fc0 pg-1sc0 pg-1ls0 pg-1ws0\">n<a href=\"https:\/\/www.radio-danmark.dk\/rodovrekanalen\">https:\/\/www.radio-danmark.dk\/rodovrekanalen<\/a><\/div>\n<div>\u00a0<\/div>\n<p>R\u00f8dovreKanalen er en forening af frivillige lokale radiov\u00e6rter og teknikere.<\/p>\n<div class=\"t pg-1m0 pg-1x2 pg-1h3 pg-1y9 pg-1ff1 pg-1fs0 pg-1fc0 pg-1sc0 pg-1ls0 pg-1ws0\">Du kan h\u00f8re os hver dag \u00e5ret rundt. Vi sender fra kl. 14-20 mandag, onsdag og torsdag, og fra kl. 14-18 tirsdag, fredag, l\u00f8rdag og s\u00f8ndag.<\/div>\n<div class=\"t pg-1m0 pg-1x2 pg-1h3 pg-1yb pg-1ff1 pg-1fs0 pg-1fc0 pg-1sc0 pg-1ls0 pg-1ws0\">Tirsdag aften sender Foreningen Demokratiradioen fra kl. 18-22 og her kan du blandt andet h\u00f8re Kommunalbestyrelsens m\u00f8der og samtaler med lokale politikere om lokale forhold.<\/div>\n<div class=\"t pg-1m0 pg-1x2 pg-1h3 pg-1yc pg-1ff1 pg-1fs0 pg-1fc0 pg-1sc0 pg-1ls0 pg-1ws0\">\u00a0<\/div>\n<div class=\"t pg-1m0 pg-1x2 pg-1h3 pg-1yc pg-1ff1 pg-1fs0 pg-1fc0 pg-1sc0 pg-1ls0 pg-1ws0\">\n<div class=\"t pg-1m0 pg-1x2 pg-1h3 pg-1ye pg-1ff1 pg-1fs0 pg-1fc0 pg-1sc0 pg-1ls0 pg-1ws0\">R\u00f8dovreKanalen drives som en forening af frivillige lokale studiev\u00e6rter og teknikere.<\/div>\n<div class=\"t pg-1m0 pg-1x2 pg-1h3 pg-1yf pg-1ff1 pg-1fs0 pg-1fc0 pg-1sc0 pg-1ls0 pg-1ws0\">Vi sender daglig radio til dig fra vores studie i Foreningshuset,<\/div>\n<div class=\"t pg-1m0 pg-1x2 pg-1h3 pg-1yf pg-1ff1 pg-1fs0 pg-1fc0 pg-1sc0 pg-1ls0 pg-1ws0\">H\u00f8jn\u00e6svej 63B, 2610 R\u00f8dovre.<\/div>\n<div class=\"t pg-1m0 pg-1x2 pg-1h3 pg-1y11 pg-1ff1 pg-1fs0 pg-1fc0 pg-1sc0 pg-1ls0 pg-1ws0\">Du kan f\u00f8lge os p\u00e5 Facebook \u2013 R\u00f8dovreKanalen \u2013 hvor studiev\u00e6rterne l\u00e6gger informationer op om deres programmer.<\/div>\n<div class=\"t pg-1m0 pg-1x2 pg-1h3 pg-1y13 pg-1ff1 pg-1fs0 pg-1fc0 pg-1sc0 pg-1ls0 pg-1ws0\">Vi har ofte g\u00e6ster i studiet og programmer, hvor lytterne kan ringe ind p\u00e5 tlf. 3672 1501.<\/div>\n<div class=\"t pg-1m0 pg-1x2 pg-1h3 pg-1y14 pg-1ff1 pg-1fs0 pg-1fc0 pg-1sc0 pg-1ls0 pg-1ws0\">Find det program, du holder af, og lyt med<\/div>\n<\/div>\n<p>Vi har ogs\u00e5 vedlagt playlist-filer i xspf og m3u der kan \u00e5bnes i en medie afspiller p\u00e5 din computer.\u00a0\u00a0Disse kan hentes herunder<br \/>For mp3 i 320 kbit\/s v\u00e6lges <a href=\"https:\/\/roedovrekanalen.dk:8001\/stream.mp3.xspf\">xspf her<\/a> eller <a href=\"https:\/\/roedovrekanalen.dk:8001\/stream.mp3.m3u\">m3u her<\/a><br\/>For aac i 64 kbit\/s v\u00e6lges <a href=\"https:\/\/roedovrekanalen.dk:8001\/stream.aac.xspf\">xspf her<\/a> eller <a href=\"https:\/\/roedovrekanalen.dk:8001\/stream.aac.m3u\">m3u her<\/a><\/p>\n\n\n<p><\/p>\n","protected":false},"excerpt":{"rendered":"<p>NB! Hvis du vil sende en besked til R\u00f8dovreKanalen &#8211; g\u00f8r det gerne p\u00e5 vores Facebookside: R\u00f8dovreKanalen. R\u00f8dovreKanalen p\u00e5 105.9MHz sender de lokale nyheder , samtaler med mennesker med noget p\u00e5 hjertet og \u00a0god musik for enhver smag. R\u00f8dovreKanalen er en ikke-kommerciel og reklamefri lokalradio for de fleste. Du kan h\u00f8re os p\u00e5 FM frekvensen &hellip; <a href=\"https:\/\/roedovrekanalen.dk\/\" class=\"more-link\">L\u00e6s videre <span class=\"screen-reader-text\">Om R\u00f8dovreKanalen<\/span> <span class=\"meta-nav\">&rarr;<\/span><\/a><\/p>\n","protected":false},"author":1,"featured_media":0,"parent":0,"menu_order":0,"comment_status":"open","ping_status":"closed","template":"","meta":{"_piecal_is_event":false,"_piecal_start_date":"","_piecal_end_date":"","_piecal_is_allday":false,"_mc_calendar":[],"footnotes":""},"class_list":["post-2","page","type-page","status-publish","hentry"],"_links":{"self":[{"href":"https:\/\/roedovrekanalen.dk\/index.php\/wp-json\/wp\/v2\/pages\/2","targetHints":{"allow":["GET"]}}],"collection":[{"href":"https:\/\/roedovrekanalen.dk\/index.php\/wp-json\/wp\/v2\/pages"}],"about":[{"href":"https:\/\/roedovrekanalen.dk\/index.php\/wp-json\/wp\/v2\/types\/page"}],"author":[{"embeddable":true,"href":"https:\/\/roedovrekanalen.dk\/index.php\/wp-json\/wp\/v2\/users\/1"}],"replies":[{"embeddable":true,"href":"https:\/\/roedovrekanalen.dk\/index.php\/wp-json\/wp\/v2\/comments?post=2"}],"version-history":[{"count":42,"href":"https:\/\/roedovrekanalen.dk\/index.php\/wp-json\/wp\/v2\/pages\/2\/revisions"}],"predecessor-version":[{"id":321,"href":"https:\/\/roedovrekanalen.dk\/index.php\/wp-json\/wp\/v2\/pages\/2\/revisions\/321"}],"wp:attachment":[{"href":"https:\/\/roedovrekanalen.dk\/index.php\/wp-json\/wp\/v2\/media?parent=2"}],"curies":[{"name":"wp","href":"https:\/\/api.w.org\/{rel}","templated":true}]}}