{"id":23,"date":"2015-04-26T10:54:40","date_gmt":"2015-04-26T08:54:40","guid":{"rendered":"http:\/\/roedovrekanalen.dk\/?page_id=23"},"modified":"2017-05-07T13:52:13","modified_gmt":"2017-05-07T11:52:13","slug":"bliv-stottemedlem","status":"publish","type":"page","link":"https:\/\/roedovrekanalen.dk\/index.php\/bliv-stottemedlem\/","title":{"rendered":"Bliv St\u00f8ttemedlem."},"content":{"rendered":"<p>Ring eller skriv til R\u00f8dovreKanalens \u00a0ny St\u00f8tteforening v\/kasserer<\/p>\n<p>Kaj Holmberg \u00a0tlf. 9110 2299 e-mail : holmbergkaj@gmail.com<\/p>\n<p>Som St\u00f8ttemedlem inviteres du til Live-Musik og til Banko den f\u00f8rste S\u00f8ndag i m\u00e5nederne fra September til April<\/p>\n","protected":false},"excerpt":{"rendered":"<p>Ring eller skriv til R\u00f8dovreKanalens \u00a0ny St\u00f8tteforening v\/kasserer Kaj Holmberg \u00a0tlf. 9110 2299 e-mail : holmbergkaj@gmail.com Som St\u00f8ttemedlem inviteres du til Live-Musik og til Banko den f\u00f8rste S\u00f8ndag i m\u00e5nederne fra September til April<\/p>\n","protected":false},"author":1,"featured_media":0,"parent":0,"menu_order":2,"comment_status":"open","ping_status":"closed","template":"","meta":{"_piecal_is_event":false,"_piecal_start_date":"","_piecal_end_date":"","_piecal_is_allday":false,"_mc_calendar":[],"footnotes":""},"class_list":["post-23","page","type-page","status-publish","hentry"],"_links":{"self":[{"href":"https:\/\/roedovrekanalen.dk\/index.php\/wp-json\/wp\/v2\/pages\/23","targetHints":{"allow":["GET"]}}],"collection":[{"href":"https:\/\/roedovrekanalen.dk\/index.php\/wp-json\/wp\/v2\/pages"}],"about":[{"href":"https:\/\/roedovrekanalen.dk\/index.php\/wp-json\/wp\/v2\/types\/page"}],"author":[{"embeddable":true,"href":"https:\/\/roedovrekanalen.dk\/index.php\/wp-json\/wp\/v2\/users\/1"}],"replies":[{"embeddable":true,"href":"https:\/\/roedovrekanalen.dk\/index.php\/wp-json\/wp\/v2\/comments?post=23"}],"version-history":[{"count":2,"href":"https:\/\/roedovrekanalen.dk\/index.php\/wp-json\/wp\/v2\/pages\/23\/revisions"}],"predecessor-version":[{"id":92,"href":"https:\/\/roedovrekanalen.dk\/index.php\/wp-json\/wp\/v2\/pages\/23\/revisions\/92"}],"wp:attachment":[{"href":"https:\/\/roedovrekanalen.dk\/index.php\/wp-json\/wp\/v2\/media?parent=23"}],"curies":[{"name":"wp","href":"https:\/\/api.w.org\/{rel}","templated":true}]}}