{"id":28,"date":"2015-04-26T10:57:42","date_gmt":"2015-04-26T08:57:42","guid":{"rendered":"http:\/\/roedovrekanalen.dk\/?page_id=28"},"modified":"2024-09-17T10:41:14","modified_gmt":"2024-09-17T08:41:14","slug":"ugens-program","status":"publish","type":"page","link":"https:\/\/roedovrekanalen.dk\/index.php\/ugens-program\/","title":{"rendered":"Ugens program"},"content":{"rendered":"<div class=\"t pg-5m0 pg-5x1 pg-5h3 pg-5y29 pg-5ff2 pg-5fs0 pg-5fc0 pg-5sc0 pg-5ls0 pg-5ws0\" style=\"text-align: center;\">\n<div class=\"t pg-6m0 pg-6x0 pg-6h4 pg-6y15 pg-6ff2 pg-6fs0 pg-6fc0 pg-6sc0 pg-6ls0 pg-6ws0\">\n<p style=\"text-align: left;\"><strong>Lyt til din lokalradio R\u00d8DOVREKANALEN p\u00e5 105,9 MHz FM (eller via R\u00f8dovreKanalen.dk) \u2013 hver dag fra kl. 14 \u2013 18 og mandag til torsdag til kl. 20. <\/strong><\/p>\n<p style=\"text-align: left;\"><strong>Radioprogram for R\u00f8dovreKanalen:<\/strong><\/p>\n<p style=\"text-align: left;\"><strong>\u00a0<\/strong><strong>Mandage kl. 14 \u2013 20 \u2013 p\u00e5 skift: <\/strong><\/p>\n<p style=\"text-align: left;\">\u00a0<strong>60er pop og rock<\/strong> v\/Egon S\u00f8rensen\u00a0 <strong>Musikmaskinen\/Mandag live<\/strong> v\/Egon S\u00f8rensen &#8211;<\/p>\n<p style=\"text-align: left;\"><strong>Old Time Music<\/strong> v\/J\u00f8rgen Rudolph<\/p>\n<p style=\"text-align: left;\"><strong>Sound<\/strong> v\/Michael Lose<\/p>\n<p style=\"text-align: left;\"><strong>Pop F\u00f8r<\/strong> v\/Tom Jones &#8211;<\/p>\n<p style=\"text-align: left;\"><strong>Profilen<\/strong> v\/Bo Wischmann og Anette Munk<\/p>\n<p style=\"text-align: left;\"><strong>Fireball<\/strong> v\/Michael S. og Morten C.<\/p>\n<p style=\"text-align: left;\"><strong>Klassisk Musik<\/strong> v\/Ete Forchhammer \u00a0&#8211;<\/p>\n<p style=\"text-align: left;\"><strong>CountryExpressen<\/strong> v\/Solveig Clark og Lars P.<\/p>\n<p style=\"text-align: left;\"><strong>Dansk Rock\/Amerikanske Croonere<\/strong> v\/Jonas Garne<\/p>\n<p style=\"text-align: left;\"><strong>Fireball\u00a0<\/strong>v\/ Michael S &amp; Morten C<\/p>\n<p><strong>_______________________________________________________________<\/strong><\/p>\n<p style=\"text-align: left;\"><strong>Tirsdage kl. 14 \u2013 18:<\/strong><\/p>\n<p style=\"text-align: left;\"><strong>Tirsdagsrouletten<\/strong> v\/Rie Mogensen &#8211;<\/p>\n<p style=\"text-align: left;\"><strong>Taleradio<\/strong> v\/Rosa Frid og Ole Mathiasen<\/p>\n<p style=\"text-align: left;\"><strong>Det er dansk<\/strong> v\/John E. Hansen og Bo Wischmann &#8211;<\/p>\n<p style=\"text-align: left;\"><strong>Fra kl. 18 sender Demokratiradioen<\/strong><\/p>\n<p><strong>________________________________________________________________<\/strong><\/p>\n<p style=\"text-align: left;\"><strong>\u00a0<\/strong><strong>Onsdage kl. 14 \u2013 18:<\/strong><\/p>\n<p style=\"text-align: left;\"><strong>Country Music Time<\/strong> v\/Rosa Frid og Bo Wischmann &#8211;<\/p>\n<p style=\"text-align: left;\"><strong>Jukebox og Music Coctail<\/strong> v\/Georg Hunyadi &#8211;<\/p>\n<p style=\"text-align: left;\"><strong>Fra kl. 18.00 p\u00e5 skift:\u00a0 \u00a0 Bl\u00e5 Onsdag 4xJazz\u00a0<\/strong>v\/Knud &amp; Ole<\/p>\n<p style=\"text-align: left;\"><strong>Blues Deluxe<\/strong> v\/Jonas Garne<\/p>\n<p style=\"text-align: left;\"><strong>4xJazz <\/strong>v\/Knud Hein og Ole Mathiasen &#8211;<\/p>\n<p style=\"text-align: left;\"><strong>Rundt om R\u00f8dovre<\/strong> v\/Anette Rachlitz og Bo Wischmann<\/p>\n<p><strong>___________________________________________________________________<\/strong><\/p>\n<p style=\"text-align: left;\"><strong>Torsdage \u2013 kl. 14-20:<\/strong><\/p>\n<p style=\"text-align: left;\"><strong>God Eftermiddag<\/strong> v\/Ulf Taube &#8211;<\/p>\n<p style=\"text-align: left;\"><strong>H\u00f8r lige her<\/strong> v\/Ulf Taube og Gitte Petersen<\/p>\n<p style=\"text-align: left;\">\u00a0<strong>Musikuniverset<\/strong> v\/J\u00f8rgen Martin<\/p>\n<p style=\"text-align: left;\"><strong>Musik og Bogstaver\u00a0<\/strong>v\/John Nilson<\/p>\n<p>___________________________________________________________________<\/p>\n<p style=\"text-align: left;\"><strong>Fredage \u2013 kl. 14-18:<\/strong><\/p>\n<p style=\"text-align: left;\"><strong>CountryKanalen<\/strong> v\/Erik T\u00f8pholm &#8211; <strong>De Br\u00f8lende 60-ere<\/strong> v\/Egon S\u00f8rensen &#8211; <strong>Det er dansk<\/strong> v\/John E. Hansen og Bo Wischmann<\/p>\n<p><strong>____________________________________________________________________<\/strong><\/p>\n<p style=\"text-align: left;\"><strong>L\u00f8rdage \u2013 kl. 14-18 \u2013 P\u00e5 skift:<\/strong><\/p>\n<p style=\"text-align: left;\"><strong>Kaffehj\u00f8rnet<\/strong> v\/Ren\u00e9 E. Larsen Jonas Garne Kaffemix v\/Ren\u00e9 E. Larsen \u2013<\/p>\n<p style=\"text-align: left;\"><strong>Blues 4 you<\/strong> v\/BennyThorsen og Per Ole Hansen &#8211;<\/p>\n<p style=\"text-align: left;\"><strong>Rock World<\/strong> v\/Morten Christiansen<\/p>\n<p><strong>______________________________________________________________________<\/strong><\/p>\n<p style=\"text-align: left;\"><strong>S\u00f8ndage kl. 14-18 \u2013 P\u00e5 skift<\/strong>:<\/p>\n<p style=\"text-align: left;\"><strong>Jazzx4<\/strong> v\/Knud Hein og Ole Mathiasen &#8211;<\/p>\n<p style=\"text-align: left;\"><strong>Gammeldansk og for fuld musik<\/strong> v\/Tom Jones og S\u00f8ren Sidevind Anja og Morten Magne Laursen og Ren\u00e9 E. Larsen<\/p>\n<\/div>\n<\/div>\n<div class=\"t pg-6m0 pg-6x0 pg-6h4 pg-6y15 pg-6ff2 pg-6fs0 pg-6fc0 pg-6sc0 pg-6ls0 pg-6ws0\" style=\"text-align: left;\"><\/div>\n<div class=\"t pg-6m0 pg-6x0 pg-6h4 pg-6y15 pg-6ff2 pg-6fs0 pg-6fc0 pg-6sc0 pg-6ls0 pg-6ws0\">F\u00f8lg med p\u00e5 vores Facebookside\u00a0hvor vores studiev\u00e6rter holder jer opdateret om g\u00e6ster i studiet , nyheder\u00a0 og meget mere<\/div>\n<div class=\"t pg-6m0 pg-6x0 pg-6h4 pg-6y15 pg-6ff2 pg-6fs0 pg-6fc0 pg-6sc0 pg-6ls0 pg-6ws0\"><a href=\"https:\/\/www.facebook.com\/R%C3%B8dovreKanalen-234065706631877\/\" target=\"_blank\" rel=\"noopener\">https:\/\/www.facebook.com\/R%C3%B8dovreKanalen-234065706631877\/<\/a><\/div>\n<hr \/>\n<hr \/>\n<hr \/>\n<hr \/>\n<p style=\"text-align: center;\"><strong>R\u00f8dovreKanalen sender lokale nyheder og god musik for enhver smag.<\/strong><\/p>\n<p style=\"text-align: center;\"><strong>Vi har ofte g\u00e6ster i studiet og flere programmer, hvor lytterne kan ringe ind p\u00e5 tlf. 3672 1501<\/strong><\/p>\n<h2 style=\"text-align: center;\"><strong>Find det program, du holder af og lyt med<\/strong> <strong>.<\/strong><\/h2>\n","protected":false},"excerpt":{"rendered":"<p>Lyt til din lokalradio R\u00d8DOVREKANALEN p\u00e5 105,9 MHz FM (eller via R\u00f8dovreKanalen.dk) \u2013 hver dag fra kl. 14 \u2013 18 og mandag til torsdag til kl. 20. Radioprogram for R\u00f8dovreKanalen: \u00a0Mandage kl. 14 \u2013 20 \u2013 p\u00e5 skift: \u00a060er pop og rock v\/Egon S\u00f8rensen\u00a0 Musikmaskinen\/Mandag live v\/Egon S\u00f8rensen &#8211; Old Time Music v\/J\u00f8rgen Rudolph Sound &hellip; <a href=\"https:\/\/roedovrekanalen.dk\/index.php\/ugens-program\/\" class=\"more-link\">L\u00e6s videre <span class=\"screen-reader-text\">Ugens program<\/span> <span class=\"meta-nav\">&rarr;<\/span><\/a><\/p>\n","protected":false},"author":1,"featured_media":0,"parent":0,"menu_order":1,"comment_status":"open","ping_status":"closed","template":"","meta":{"_piecal_is_event":false,"_piecal_start_date":"","_piecal_end_date":"","_piecal_is_allday":false,"_mc_calendar":[],"footnotes":""},"class_list":["post-28","page","type-page","status-publish","hentry"],"_links":{"self":[{"href":"https:\/\/roedovrekanalen.dk\/index.php\/wp-json\/wp\/v2\/pages\/28","targetHints":{"allow":["GET"]}}],"collection":[{"href":"https:\/\/roedovrekanalen.dk\/index.php\/wp-json\/wp\/v2\/pages"}],"about":[{"href":"https:\/\/roedovrekanalen.dk\/index.php\/wp-json\/wp\/v2\/types\/page"}],"author":[{"embeddable":true,"href":"https:\/\/roedovrekanalen.dk\/index.php\/wp-json\/wp\/v2\/users\/1"}],"replies":[{"embeddable":true,"href":"https:\/\/roedovrekanalen.dk\/index.php\/wp-json\/wp\/v2\/comments?post=28"}],"version-history":[{"count":18,"href":"https:\/\/roedovrekanalen.dk\/index.php\/wp-json\/wp\/v2\/pages\/28\/revisions"}],"predecessor-version":[{"id":235,"href":"https:\/\/roedovrekanalen.dk\/index.php\/wp-json\/wp\/v2\/pages\/28\/revisions\/235"}],"wp:attachment":[{"href":"https:\/\/roedovrekanalen.dk\/index.php\/wp-json\/wp\/v2\/media?parent=28"}],"curies":[{"name":"wp","href":"https:\/\/api.w.org\/{rel}","templated":true}]}}